{"id":151,"date":"2017-11-15T17:08:37","date_gmt":"2017-11-15T17:08:37","guid":{"rendered":"https:\/\/www.model-box.ch\/?page_id=151"},"modified":"2026-04-13T20:42:11","modified_gmt":"2026-04-13T20:42:11","slug":"aktuell","status":"publish","type":"page","link":"https:\/\/www.model-box.ch\/?page_id=151","title":{"rendered":"Aktuell"},"content":{"rendered":"\n<div class=\"wp-block-media-text has-media-on-the-right is-stacked-on-mobile\"><div class=\"wp-block-media-text__content\">\n<p class=\"has-primary-color has-text-color has-link-color has-medium-font-size wp-elements-b45e1800fab0c197ec7d48cbf8a02f19\"><strong>Pensionierung &#8211; Geburtstag &#8211; Pr\u00fcfungserfolg <\/strong>&#8211; <strong>Konfirmation &#8211; Firmung &#8211; Hochzeit<\/strong><\/p>\n\n\n\n<p class=\"has-black-color has-text-color has-link-color has-medium-font-size wp-elements-a7da6d5f0d32cf87b2ed3a316ea29110\"><strong>Schenken Sie Ihren Liebsten &#8211; oder sich selber &#8211; das Traumauto im Kleinformat und schauen Sie rechtzeitig bei uns herein!<\/strong><\/p>\n<\/div><figure class=\"wp-block-media-text__media\"><img loading=\"lazy\" decoding=\"async\" width=\"700\" height=\"458\" src=\"https:\/\/www.model-box.ch\/wp-content\/uploads\/2024\/11\/mercedes-benz-300-slr-uhlenhaut-coupe-1955-118.jpg\" alt=\"\" class=\"wp-image-2641 size-full\" srcset=\"https:\/\/www.model-box.ch\/wp-content\/uploads\/2024\/11\/mercedes-benz-300-slr-uhlenhaut-coupe-1955-118.jpg 700w, https:\/\/www.model-box.ch\/wp-content\/uploads\/2024\/11\/mercedes-benz-300-slr-uhlenhaut-coupe-1955-118-300x196.jpg 300w, https:\/\/www.model-box.ch\/wp-content\/uploads\/2024\/11\/mercedes-benz-300-slr-uhlenhaut-coupe-1955-118-350x230.jpg 350w\" sizes=\"auto, (max-width: 700px) 100vw, 700px\" \/><\/figure><\/div>\n\n\n\n<div class=\"wp-block-media-text is-stacked-on-mobile\" style=\"grid-template-columns:41% auto\"><figure class=\"wp-block-media-text__media\"><img loading=\"lazy\" decoding=\"async\" width=\"236\" height=\"236\" src=\"https:\/\/www.model-box.ch\/wp-content\/uploads\/2026\/01\/30-Jahre-Jubilaeum.jpg\" alt=\"\" class=\"wp-image-2821 size-full\" srcset=\"https:\/\/www.model-box.ch\/wp-content\/uploads\/2026\/01\/30-Jahre-Jubilaeum.jpg 236w, https:\/\/www.model-box.ch\/wp-content\/uploads\/2026\/01\/30-Jahre-Jubilaeum-150x150.jpg 150w\" sizes=\"auto, (max-width: 236px) 100vw, 236px\" \/><\/figure><div class=\"wp-block-media-text__content\">\n<p>Am 21. Dezember 1996 er\u00f6ffneten wir unser eigenes <strong>Gesch\u00e4ft MODEL-BOX \/ Caf\u00e9 Krone<\/strong> mit einer damaligen Auswahl von ca. 3&#8217;000 Modellautos &#8211; innerhalb von 30 Jahren hat sich das Sortiment und die Auswahl auf fast 20&#8217;000 Modelle erh\u00f6ht. Heute wie damals beraten wir unsere Kunden mit Freude und Begeisterung und danken herzlichst f\u00fcr die jahrelange Treue! Gerne begr\u00fcssen wir Sie auch weiterhin bei uns &#8211; bis bald!<\/p>\n<\/div><\/div>\n\n\n\n<div class=\"wp-block-media-text has-media-on-the-right is-stacked-on-mobile\"><div class=\"wp-block-media-text__content\">\n<p class=\"has-medium-font-size\">Die &#8222;<strong>Grand Tour of Switzerland&#8220; <\/strong>f\u00fchrt durch das Simmental direkt an unserem Gesch\u00e4ft vorbei. Anhalten und reinschauen lohnt sich immer!<\/p>\n<\/div><figure class=\"wp-block-media-text__media\"><img loading=\"lazy\" decoding=\"async\" width=\"280\" height=\"180\" src=\"https:\/\/www.model-box.ch\/wp-content\/uploads\/2020\/06\/Grand-Tour-of-Switzerland.jpg\" alt=\"\" class=\"wp-image-1760 size-full\"\/><\/figure><\/div>\n\n\n\n<div class=\"wp-block-media-text alignwide is-stacked-on-mobile\"><figure class=\"wp-block-media-text__media\"><img loading=\"lazy\" decoding=\"async\" width=\"1024\" height=\"683\" src=\"https:\/\/www.model-box.ch\/wp-content\/uploads\/2021\/04\/IMG_0675-1024x683.jpg\" alt=\"\" class=\"wp-image-2039 size-full\" srcset=\"https:\/\/www.model-box.ch\/wp-content\/uploads\/2021\/04\/IMG_0675-1024x683.jpg 1024w, https:\/\/www.model-box.ch\/wp-content\/uploads\/2021\/04\/IMG_0675-300x200.jpg 300w, https:\/\/www.model-box.ch\/wp-content\/uploads\/2021\/04\/IMG_0675-768x512.jpg 768w, https:\/\/www.model-box.ch\/wp-content\/uploads\/2021\/04\/IMG_0675-1536x1024.jpg 1536w, https:\/\/www.model-box.ch\/wp-content\/uploads\/2021\/04\/IMG_0675-2048x1365.jpg 2048w, https:\/\/www.model-box.ch\/wp-content\/uploads\/2021\/04\/IMG_0675-420x280.jpg 420w\" sizes=\"auto, (max-width: 1024px) 100vw, 1024px\" \/><\/figure><div class=\"wp-block-media-text__content\">\n<p class=\"has-small-font-size\"><\/p>\n\n\n\n<p class=\"has-medium-font-size\">Laufend erhalten wir neue Lieferungen an Modellautos. Das Thema &#8222;Filmauto&#8220; haben wir weiter ausgebaut und dementsprechend mehr Raum gegeben.<\/p>\n\n\n\n<p class=\"has-medium-font-size\">Schauen Sie bei uns herein &#8211; Vieles ist neu zu entdecken!<\/p>\n\n\n\n<p class=\"has-small-font-size\"><\/p>\n\n\n\n<p><\/p>\n<\/div><\/div>\n\n\n<h3 style=\"text-align: center;\"><span style=\"color: #333399;\">Folgen Sie uns auf<a href=\"https:\/\/www.instagram.com\/modelbox_modellautos\/\"><span style=\"color: #ff00ff;\"> Instagram<\/span><\/a> und auf <a href=\"https:\/\/www.facebook.com\/modelboxmodellauto\/\">Facebook<\/a><\/span><\/h3>\n<p style=\"text-align: center;\">************************************************************<\/p>\n<h3 style=\"text-align: center;\">\u00a0<\/h3>\n\n\n<p class=\"has-text-align-center\"><\/p>\n","protected":false},"excerpt":{"rendered":"<p>Pensionierung &#8211; Geburtstag &#8211; Pr\u00fcfungserfolg &#8211; Konfirmation &#8211; Firmung &#8211; Hochzeit Schenken Sie Ihren Liebsten &#8211; oder sich selber &#8211; das Traumauto im Kleinformat und schauen Sie rechtzeitig bei uns herein! Am 21. Dezember 1996<\/p>\n","protected":false},"author":1,"featured_media":1880,"parent":0,"menu_order":2,"comment_status":"closed","ping_status":"closed","template":"","meta":{"footnotes":""},"class_list":["post-151","page","type-page","status-publish","has-post-thumbnail","hentry"],"_links":{"self":[{"href":"https:\/\/www.model-box.ch\/index.php?rest_route=\/wp\/v2\/pages\/151","targetHints":{"allow":["GET"]}}],"collection":[{"href":"https:\/\/www.model-box.ch\/index.php?rest_route=\/wp\/v2\/pages"}],"about":[{"href":"https:\/\/www.model-box.ch\/index.php?rest_route=\/wp\/v2\/types\/page"}],"author":[{"embeddable":true,"href":"https:\/\/www.model-box.ch\/index.php?rest_route=\/wp\/v2\/users\/1"}],"replies":[{"embeddable":true,"href":"https:\/\/www.model-box.ch\/index.php?rest_route=%2Fwp%2Fv2%2Fcomments&post=151"}],"version-history":[{"count":193,"href":"https:\/\/www.model-box.ch\/index.php?rest_route=\/wp\/v2\/pages\/151\/revisions"}],"predecessor-version":[{"id":2840,"href":"https:\/\/www.model-box.ch\/index.php?rest_route=\/wp\/v2\/pages\/151\/revisions\/2840"}],"wp:featuredmedia":[{"embeddable":true,"href":"https:\/\/www.model-box.ch\/index.php?rest_route=\/wp\/v2\/media\/1880"}],"wp:attachment":[{"href":"https:\/\/www.model-box.ch\/index.php?rest_route=%2Fwp%2Fv2%2Fmedia&parent=151"}],"curies":[{"name":"wp","href":"https:\/\/api.w.org\/{rel}","templated":true}]}}