{"id":159,"date":"2017-11-15T18:17:51","date_gmt":"2017-11-15T18:17:51","guid":{"rendered":"https:\/\/www.model-box.ch\/?page_id=159"},"modified":"2026-04-13T20:40:15","modified_gmt":"2026-04-13T20:40:15","slug":"willkommen","status":"publish","type":"page","link":"https:\/\/www.model-box.ch\/","title":{"rendered":"Willkommen"},"content":{"rendered":"<h1 style=\"text-align: center;\">Herzlich willkommen seit 1996<\/h1>\n<h4 style=\"text-align: center;\">Spielzeugautos &#8211; Sammlermodelle- Rarit\u00e4ten &#8211; Bei uns finden Sie eine riesige Auswahl an Modellautos in allen g\u00e4ngigen Massst\u00e4ben. Kaufen Sie Ihr Traumauto im <span style=\"color: #333333;\">Kleinformat!<\/span><\/h4>\n<p>**************************************************************************************<\/p>\n<h3 style=\"text-align: left;\">Unsere regul\u00e4ren \u00d6ffnungszeiten:<\/h3>\n<h4>Dienstag bis Freitag\u00a0 \u00a0 \u00a0 \u00a0 \u00a0 \u00a0 \u00a0 \u00a0 \u00a0 \u00a0 \u00a0 \u00a0 \u00a0offen 9.00 &#8211; 12.00 h \/ 13.30 &#8211; 18.00 h<\/h4>\n<h4>Samstag\u00a0 \u00a0 \u00a0 \u00a0 \u00a0 \u00a0 \u00a0 \u00a0 \u00a0 \u00a0 \u00a0 \u00a0 \u00a0 \u00a0 \u00a0 \u00a0 \u00a0 \u00a0 \u00a0 \u00a0 \u00a0 \u00a0 \u00a0 \u00a0offen 9.00 &#8211; 17.00 h<\/h4>\n<h4>Sonntag \/ Montag\u00a0 \u00a0 \u00a0 \u00a0 \u00a0 \u00a0 \u00a0 \u00a0 \u00a0 \u00a0 \u00a0 \u00a0 \u00a0 \u00a0 \u00a0 <span style=\"color: #ff0000;\">geschlossen<\/span><\/h4>\n<h3 style=\"text-align: center;\">********************************************************<\/h3>\n<h3 style=\"text-align: center;\">Bei speziellen Modellauto-W\u00fcnschen erkundigen Sie sich am Besten vorab telefonisch und damit Sie sicher sind, dass der Spezialist Christoph Zurbr\u00fcgg Sie pers\u00f6nlich beraten kann.<\/h3>\n\n\n<p class=\"has-text-align-center\" style=\"font-size:30px\">Folgen Sie uns auf <a rel=\"noreferrer noopener\" href=\"https:\/\/www.instagram.com\/model_box_modellautos\" target=\"_blank\">Instagram<\/a> und auf <a href=\"https:\/\/www.facebook.com\/modelboxmodellauto\/\">Facebook<\/a><\/p>\n\n\n<div class=\"wp-block-image\">\n<figure class=\"aligncenter size-large\"><img decoding=\"async\" src=\"https:\/\/www1.cbn.com\/sites\/default\/files\/styles\/video_ratio_16_9\/public\/media\/slider\/images\/instagramfacebooklogos_hdv.jpg?itok=0PpEFFms\" alt=\"\"\/><figcaption class=\"wp-element-caption\">           <\/figcaption><\/figure>\n<\/div>\n\n\n<div class=\"wp-block-media-text alignwide has-media-on-the-right is-stacked-on-mobile\" style=\"grid-template-columns:auto 52%\"><div class=\"wp-block-media-text__content\">\n<p class=\"has-medium-font-size\">Bei uns k\u00f6nnen Sie mit allen g\u00e4ngigen Kreditkarten bezahlen!<\/p>\n\n\n\n<figure class=\"wp-block-image size-full\"><img loading=\"lazy\" decoding=\"async\" width=\"266\" height=\"190\" src=\"https:\/\/www.model-box.ch\/wp-content\/uploads\/2018\/11\/Unbenannt.png\" alt=\"\" class=\"wp-image-1253\"\/><\/figure>\n<\/div><figure class=\"wp-block-media-text__media\"><img loading=\"lazy\" decoding=\"async\" width=\"241\" height=\"209\" src=\"https:\/\/www.model-box.ch\/wp-content\/uploads\/2018\/11\/imagesNRQH1KS3.jpg\" alt=\"\" class=\"wp-image-1252 size-full\"\/><\/figure><\/div>\n\n\n\n<div class=\"wp-block-media-text alignwide has-media-on-the-right is-stacked-on-mobile\" style=\"grid-template-columns:auto 29%\"><div class=\"wp-block-media-text__content\">\n<p class=\"has-medium-font-size\">Unsere Kontaktdaten lauten:<\/p>\n\n\n\n<p><a href=\"https:\/\/goo.gl\/maps\/tbpBtZoqg3YMtKHF9\" target=\"_blank\" rel=\"noreferrer noopener\"><strong>MODEL-BOX Modellautos<\/strong> \/ <strong>Caf\u00e9 Krone<\/strong><\/a><\/p>\n\n\n\n<p>Christoph und Margrit Zurbr\u00fcgg-Gerber<\/p>\n\n\n\n<p>Dorf 309<\/p>\n\n\n\n<p>CH-3762 Erlenbach im Simmental<\/p>\n\n\n\n<p>Tel 033 681 25 75<\/p>\n\n\n\n<p>Email: <a href=\"mailto:model-box@bluewin.ch\" data-type=\"mailto\" data-id=\"mailto: model-box@bluewin.ch\" target=\"_blank\" rel=\"noreferrer noopener\">model-box(at)bluewin.ch<\/a><\/p>\n<\/div><figure class=\"wp-block-media-text__media\"><img loading=\"lazy\" decoding=\"async\" width=\"236\" height=\"320\" src=\"https:\/\/www.model-box.ch\/wp-content\/uploads\/2022\/06\/th.jpg\" alt=\"\" class=\"wp-image-2335 size-full\" srcset=\"https:\/\/www.model-box.ch\/wp-content\/uploads\/2022\/06\/th.jpg 236w, https:\/\/www.model-box.ch\/wp-content\/uploads\/2022\/06\/th-221x300.jpg 221w\" sizes=\"auto, (max-width: 236px) 100vw, 236px\" \/><\/figure><\/div>\n\n\n\n<div class=\"wp-block-group alignwide\"><div class=\"wp-block-group__inner-container is-layout-flow wp-block-group-is-layout-flow\"><\/div><\/div>\n","protected":false},"excerpt":{"rendered":"<p>Herzlich willkommen seit 1996 Spielzeugautos &#8211; Sammlermodelle- Rarit\u00e4ten &#8211; Bei uns finden Sie eine riesige Auswahl an Modellautos in allen g\u00e4ngigen Massst\u00e4ben. Kaufen Sie Ihr Traumauto im Kleinformat! ************************************************************************************** Unsere regul\u00e4ren \u00d6ffnungszeiten: Dienstag bis Freitag\u00a0<\/p>\n","protected":false},"author":1,"featured_media":29,"parent":0,"menu_order":1,"comment_status":"closed","ping_status":"closed","template":"","meta":{"footnotes":""},"class_list":["post-159","page","type-page","status-publish","has-post-thumbnail","hentry"],"_links":{"self":[{"href":"https:\/\/www.model-box.ch\/index.php?rest_route=\/wp\/v2\/pages\/159","targetHints":{"allow":["GET"]}}],"collection":[{"href":"https:\/\/www.model-box.ch\/index.php?rest_route=\/wp\/v2\/pages"}],"about":[{"href":"https:\/\/www.model-box.ch\/index.php?rest_route=\/wp\/v2\/types\/page"}],"author":[{"embeddable":true,"href":"https:\/\/www.model-box.ch\/index.php?rest_route=\/wp\/v2\/users\/1"}],"replies":[{"embeddable":true,"href":"https:\/\/www.model-box.ch\/index.php?rest_route=%2Fwp%2Fv2%2Fcomments&post=159"}],"version-history":[{"count":202,"href":"https:\/\/www.model-box.ch\/index.php?rest_route=\/wp\/v2\/pages\/159\/revisions"}],"predecessor-version":[{"id":2838,"href":"https:\/\/www.model-box.ch\/index.php?rest_route=\/wp\/v2\/pages\/159\/revisions\/2838"}],"wp:featuredmedia":[{"embeddable":true,"href":"https:\/\/www.model-box.ch\/index.php?rest_route=\/wp\/v2\/media\/29"}],"wp:attachment":[{"href":"https:\/\/www.model-box.ch\/index.php?rest_route=%2Fwp%2Fv2%2Fmedia&parent=159"}],"curies":[{"name":"wp","href":"https:\/\/api.w.org\/{rel}","templated":true}]}}