{"id":161,"date":"2017-11-15T18:37:22","date_gmt":"2017-11-15T18:37:22","guid":{"rendered":"https:\/\/www.model-box.ch\/?page_id=161"},"modified":"2026-03-27T22:36:14","modified_gmt":"2026-03-27T22:36:14","slug":"unser-showroom","status":"publish","type":"page","link":"https:\/\/www.model-box.ch\/?page_id=161","title":{"rendered":"Showroom"},"content":{"rendered":"\n<h2 class=\"wp-block-heading has-text-align-center has-large-font-size\"><span style=\"color: #ff0000;\"><strong>Das gr\u00f6sste und aussergew\u00f6hnlichste Modellauto-Fachgesch\u00e4ft der Schweiz<\/strong><\/span> <\/h2>\n\n\n\n<p class=\"has-text-align-center\">Ob Oldtimer oder Newcomer \u2013 auf einer Ladenfl\u00e4che von 150 m2 erwartet Sie eine riesige Auswahl von fast 20&#8217;000 Modellautos in allen g\u00e4ngigen Massst\u00e4ben von A wie Alfa Romeo bis V wie Volkswagen. LkW\u2019s, Motorr\u00e4der, Schiffe und Flugzeuge f\u00fchren wir ebenfalls in unserem Verkaufssortiment.<\/p>\n\n\n\n<p class=\"has-text-align-center has-normal-font-size\">Seit 30 Jahren d\u00fcrfen wir unsere Kunden begr\u00fcssen und beraten &#8211; herzlichen Dank f\u00fcr Ihre Treue!<\/p>\n\n\n\n<figure class=\"wp-block-image size-large\"><img loading=\"lazy\" decoding=\"async\" width=\"1024\" height=\"555\" src=\"https:\/\/www.model-box.ch\/wp-content\/uploads\/2025\/12\/IMG_E4713-verkleinert-1024x555.jpg\" alt=\"\" class=\"wp-image-2814\" srcset=\"https:\/\/www.model-box.ch\/wp-content\/uploads\/2025\/12\/IMG_E4713-verkleinert-1024x555.jpg 1024w, https:\/\/www.model-box.ch\/wp-content\/uploads\/2025\/12\/IMG_E4713-verkleinert-300x163.jpg 300w, https:\/\/www.model-box.ch\/wp-content\/uploads\/2025\/12\/IMG_E4713-verkleinert-768x416.jpg 768w, https:\/\/www.model-box.ch\/wp-content\/uploads\/2025\/12\/IMG_E4713-verkleinert-1536x833.jpg 1536w, https:\/\/www.model-box.ch\/wp-content\/uploads\/2025\/12\/IMG_E4713-verkleinert-2048x1110.jpg 2048w\" sizes=\"auto, (max-width: 1024px) 100vw, 1024px\" \/><\/figure>\n\n\n\n<div class=\"wp-block-group alignwide\"><div class=\"wp-block-group__inner-container is-layout-flow wp-block-group-is-layout-flow\">\n<div class=\"wp-block-group\"><div class=\"wp-block-group__inner-container is-layout-flow wp-block-group-is-layout-flow\">\n<div class=\"wp-block-group\"><div class=\"wp-block-group__inner-container is-layout-flow wp-block-group-is-layout-flow\">\n<div class=\"wp-block-media-text alignwide is-stacked-on-mobile\" style=\"grid-template-columns:56% auto\"><figure class=\"wp-block-media-text__media\"><img loading=\"lazy\" decoding=\"async\" width=\"1024\" height=\"683\" src=\"https:\/\/www.model-box.ch\/wp-content\/uploads\/2025\/12\/IMG_1948-verkleinert-1024x683.jpg\" alt=\"\" class=\"wp-image-2813 size-full\" srcset=\"https:\/\/www.model-box.ch\/wp-content\/uploads\/2025\/12\/IMG_1948-verkleinert-1024x683.jpg 1024w, https:\/\/www.model-box.ch\/wp-content\/uploads\/2025\/12\/IMG_1948-verkleinert-300x200.jpg 300w, https:\/\/www.model-box.ch\/wp-content\/uploads\/2025\/12\/IMG_1948-verkleinert-768x512.jpg 768w, https:\/\/www.model-box.ch\/wp-content\/uploads\/2025\/12\/IMG_1948-verkleinert-1536x1025.jpg 1536w, https:\/\/www.model-box.ch\/wp-content\/uploads\/2025\/12\/IMG_1948-verkleinert-2048x1366.jpg 2048w, https:\/\/www.model-box.ch\/wp-content\/uploads\/2025\/12\/IMG_1948-verkleinert-420x280.jpg 420w\" sizes=\"auto, (max-width: 1024px) 100vw, 1024px\" \/><\/figure><div class=\"wp-block-media-text__content\">\n<p class=\"has-normal-font-size\">ann\u00e4hernd 20&#8217;000 Modellautos&#8230;..<\/p>\n<\/div><\/div>\n\n\n\n<div class=\"wp-block-media-text alignwide has-media-on-the-right is-stacked-on-mobile\"><div class=\"wp-block-media-text__content\">\n<p class=\"has-normal-font-size\">warten darauf von Ihnen&#8230;..<\/p>\n<\/div><figure class=\"wp-block-media-text__media\"><img loading=\"lazy\" decoding=\"async\" width=\"1024\" height=\"683\" src=\"https:\/\/www.model-box.ch\/wp-content\/uploads\/2021\/04\/IMG_0648-1024x683.jpg\" alt=\"\" class=\"wp-image-2034 size-full\" srcset=\"https:\/\/www.model-box.ch\/wp-content\/uploads\/2021\/04\/IMG_0648-1024x683.jpg 1024w, https:\/\/www.model-box.ch\/wp-content\/uploads\/2021\/04\/IMG_0648-300x200.jpg 300w, https:\/\/www.model-box.ch\/wp-content\/uploads\/2021\/04\/IMG_0648-768x512.jpg 768w, https:\/\/www.model-box.ch\/wp-content\/uploads\/2021\/04\/IMG_0648-1536x1024.jpg 1536w, https:\/\/www.model-box.ch\/wp-content\/uploads\/2021\/04\/IMG_0648-2048x1365.jpg 2048w, https:\/\/www.model-box.ch\/wp-content\/uploads\/2021\/04\/IMG_0648-420x280.jpg 420w\" sizes=\"auto, (max-width: 1024px) 100vw, 1024px\" \/><\/figure><\/div>\n\n\n\n<div class=\"wp-block-media-text alignwide is-stacked-on-mobile\"><figure class=\"wp-block-media-text__media\"><img loading=\"lazy\" decoding=\"async\" width=\"1024\" height=\"683\" src=\"https:\/\/www.model-box.ch\/wp-content\/uploads\/2025\/12\/IMG_1946-verkleinert-1024x683.jpg\" alt=\"\" class=\"wp-image-2811 size-full\" srcset=\"https:\/\/www.model-box.ch\/wp-content\/uploads\/2025\/12\/IMG_1946-verkleinert-1024x683.jpg 1024w, https:\/\/www.model-box.ch\/wp-content\/uploads\/2025\/12\/IMG_1946-verkleinert-300x200.jpg 300w, https:\/\/www.model-box.ch\/wp-content\/uploads\/2025\/12\/IMG_1946-verkleinert-768x512.jpg 768w, https:\/\/www.model-box.ch\/wp-content\/uploads\/2025\/12\/IMG_1946-verkleinert-1536x1025.jpg 1536w, https:\/\/www.model-box.ch\/wp-content\/uploads\/2025\/12\/IMG_1946-verkleinert-2048x1366.jpg 2048w, https:\/\/www.model-box.ch\/wp-content\/uploads\/2025\/12\/IMG_1946-verkleinert-420x280.jpg 420w\" sizes=\"auto, (max-width: 1024px) 100vw, 1024px\" \/><\/figure><div class=\"wp-block-media-text__content\">\n<p class=\"has-normal-font-size\">entdeckt zu werden&#8230;..<\/p>\n<\/div><\/div>\n\n\n\n<div class=\"wp-block-media-text alignwide has-media-on-the-right is-stacked-on-mobile\"><div class=\"wp-block-media-text__content\">\n<p class=\"has-normal-font-size\">und Sie zu begeistern!<\/p>\n<\/div><figure class=\"wp-block-media-text__media\"><img loading=\"lazy\" decoding=\"async\" width=\"1024\" height=\"683\" src=\"https:\/\/www.model-box.ch\/wp-content\/uploads\/2021\/04\/IMG_0683-1024x683.jpg\" alt=\"\" class=\"wp-image-2037 size-full\" srcset=\"https:\/\/www.model-box.ch\/wp-content\/uploads\/2021\/04\/IMG_0683-1024x683.jpg 1024w, https:\/\/www.model-box.ch\/wp-content\/uploads\/2021\/04\/IMG_0683-300x200.jpg 300w, https:\/\/www.model-box.ch\/wp-content\/uploads\/2021\/04\/IMG_0683-768x512.jpg 768w, https:\/\/www.model-box.ch\/wp-content\/uploads\/2021\/04\/IMG_0683-1536x1024.jpg 1536w, https:\/\/www.model-box.ch\/wp-content\/uploads\/2021\/04\/IMG_0683-2048x1365.jpg 2048w, https:\/\/www.model-box.ch\/wp-content\/uploads\/2021\/04\/IMG_0683-420x280.jpg 420w\" sizes=\"auto, (max-width: 1024px) 100vw, 1024px\" \/><\/figure><\/div>\n<\/div><\/div>\n<\/div><\/div>\n<\/div><\/div>\n\n\n\n<p class=\"has-text-align-center\"><em>&nbsp;&nbsp;&nbsp;&nbsp;&nbsp;&nbsp;&nbsp;&nbsp;&nbsp;&nbsp;&nbsp;&nbsp;&nbsp;<\/em><strong>Wir bieten Ihnen:<\/strong><\/p>\n\n\n\n<p class=\"has-text-align-center\"><strong>Alle Masst\u00e4be, Automarken und&nbsp;<span class=\"system-pagebreak\">Hersteller \/&nbsp;<\/span><span class=\"system-pagebreak\">Fachkundige Beratung \/&nbsp;<\/span>Rarit\u00e4ten \/ Warenversand gegen&nbsp;Vorausrechnung&nbsp;\/ Gem\u00fctliches Bistro-Caf\u00e9 mit Kinderspielecke&nbsp;\/ <\/strong><strong>Gratis Kundenparkpl\u00e4tze<\/strong><\/p>\n\n\n\n<h2 class=\"wp-block-heading has-text-align-center\"><strong>Nebst unserem breiten Angebot an Modellautos f\u00fcr Sammler finden Sie bei uns das ganze Jahr \u00fcber&nbsp;ein grosses und&nbsp;umfangreiches Sortiment der bekannten Spielwarenmarke&nbsp;&#8222;Bruder&#8220; <\/strong><\/h2>\n\n\n<div class=\"wp-block-image is-resized\">\n<figure class=\"aligncenter\"><img loading=\"lazy\" decoding=\"async\" width=\"1000\" height=\"344\" src=\"https:\/\/www.model-box.ch\/wp-content\/uploads\/2021\/04\/Logo-Bruder.png\" alt=\"\" class=\"wp-image-1978\" style=\"width:523px;height:auto\" srcset=\"https:\/\/www.model-box.ch\/wp-content\/uploads\/2021\/04\/Logo-Bruder.png 1000w, https:\/\/www.model-box.ch\/wp-content\/uploads\/2021\/04\/Logo-Bruder-300x103.png 300w, https:\/\/www.model-box.ch\/wp-content\/uploads\/2021\/04\/Logo-Bruder-768x264.png 768w\" sizes=\"auto, (max-width: 1000px) 100vw, 1000px\" \/><\/figure>\n<\/div>\n\n\n<p><\/p>\n\n\n\n<p class=\"has-text-align-center\">Hier ein kleiner Auszug der Herstellerpalette&nbsp;<\/p>\n\n\n\n<p class=\"has-text-align-center\"><strong>AutoArt \/ Autocult \/ Bburago \/ Bruder \/ Busch \/ Carrera \/ CMC \/ CMR \/ Corgi \/ Ebbro \/ Eligor \/ Ertl&nbsp; Exoto \/ Greenlight \/ GT Spirit \/ Herpa \/ HotWheels \/ Ixo \/ Kess \/ KKscale \/ Kyosho \/ LS Collectibles \/ Maisto \/ M\u00e4rklin (Modellautos) \/&nbsp; Matrix \/ Minichamps \/ Mondo Motors \/ MotorMax \/ Neo \/ Nex \/ Ninco \/ Norev Die-Cast \/ Otto \/ Parag\u00f4n \/ Pocher \/ Premium Classixxs \/ Premium X \/ Rastar \/ RC2 \/ Revell \/&nbsp;Rio \/ Road Legends \/ Schabak \/ Schuco \/ Signature Models&nbsp;\/ Solido \/ Spark \/ Sunstar \/ Tek-Hoby Saurer \/ Trof\u00e9u \/ True Scale \/ Universal Models \/&nbsp;Vanguards \/ Vitesse \/ Welly \/ WhiteBox \/ Wiking \/ Yatming<\/strong><br><strong>&#8230; und viele mehr<\/strong><\/p>\n","protected":false},"excerpt":{"rendered":"<p>Das gr\u00f6sste und aussergew\u00f6hnlichste Modellauto-Fachgesch\u00e4ft der Schweiz Ob Oldtimer oder Newcomer \u2013 auf einer Ladenfl\u00e4che von 150 m2 erwartet Sie eine riesige Auswahl von fast 20&#8217;000 Modellautos in allen g\u00e4ngigen Massst\u00e4ben von A wie Alfa<\/p>\n","protected":false},"author":1,"featured_media":0,"parent":0,"menu_order":3,"comment_status":"closed","ping_status":"closed","template":"","meta":{"footnotes":""},"class_list":["post-161","page","type-page","status-publish","hentry"],"_links":{"self":[{"href":"https:\/\/www.model-box.ch\/index.php?rest_route=\/wp\/v2\/pages\/161","targetHints":{"allow":["GET"]}}],"collection":[{"href":"https:\/\/www.model-box.ch\/index.php?rest_route=\/wp\/v2\/pages"}],"about":[{"href":"https:\/\/www.model-box.ch\/index.php?rest_route=\/wp\/v2\/types\/page"}],"author":[{"embeddable":true,"href":"https:\/\/www.model-box.ch\/index.php?rest_route=\/wp\/v2\/users\/1"}],"replies":[{"embeddable":true,"href":"https:\/\/www.model-box.ch\/index.php?rest_route=%2Fwp%2Fv2%2Fcomments&post=161"}],"version-history":[{"count":41,"href":"https:\/\/www.model-box.ch\/index.php?rest_route=\/wp\/v2\/pages\/161\/revisions"}],"predecessor-version":[{"id":2826,"href":"https:\/\/www.model-box.ch\/index.php?rest_route=\/wp\/v2\/pages\/161\/revisions\/2826"}],"wp:attachment":[{"href":"https:\/\/www.model-box.ch\/index.php?rest_route=%2Fwp%2Fv2%2Fmedia&parent=161"}],"curies":[{"name":"wp","href":"https:\/\/api.w.org\/{rel}","templated":true}]}}