{"id":166,"date":"2017-11-15T19:09:02","date_gmt":"2017-11-15T19:09:02","guid":{"rendered":"https:\/\/www.model-box.ch\/?page_id=166"},"modified":"2025-11-10T15:36:16","modified_gmt":"2025-11-10T15:36:16","slug":"geschaeftshaus-krone","status":"publish","type":"page","link":"https:\/\/www.model-box.ch\/?page_id=166","title":{"rendered":"Caf\u00e9 Krone"},"content":{"rendered":"<h3 style=\"text-align: center;\"><span style=\"color: #800000;\">Liebe Kunden und G\u00e4ste<\/span><\/h3>\n<h3 style=\"text-align: center;\"><span style=\"color: #800000;\">Hereinkommen und Wohlf\u00fchlen &#8211; g\u00f6nnen Sie sich eine kurze Ruhepause bei einem warmen oder kalten Getr\u00e4nk!<\/span><\/h3>\n<h4 style=\"text-align: center;\">\u00a0<\/h4>\n\n\n<div class=\"wp-block-media-text alignwide is-stacked-on-mobile\"><figure class=\"wp-block-media-text__media\"><img loading=\"lazy\" decoding=\"async\" width=\"300\" height=\"225\" src=\"https:\/\/www.model-box.ch\/wp-content\/uploads\/2023\/06\/P1060488.jpg\" alt=\"\" class=\"wp-image-2461 size-full\"\/><\/figure><div class=\"wp-block-media-text__content\">\n<p class=\"has-normal-font-size\">Das Caf\u00e9 Krone erwartet Sie gerne &#8211; ein Ort zum Wohlf\u00fchlen und Abschalten.<\/p>\n\n\n\n<p>&#8222;Coffee-to take away&#8220; Kaffee zum Mitnehmen erhalten Sie auf Wunsch weiterhin bei uns!<\/p>\n<\/div><\/div>\n\n\n\n<div class=\"wp-block-media-text alignwide has-media-on-the-right is-stacked-on-mobile\"><div class=\"wp-block-media-text__content\">\n<p class=\"has-normal-font-size\">Unsere beliebte Terrasse ist das ganze Jahr hindurch f\u00fcr Sie bereit.<\/p>\n\n\n\n<p>Die \u00d6ffnungszeiten sind die gleichen  gem\u00e4ss MODEL-BOX Modellautos !<\/p>\n<\/div><figure class=\"wp-block-media-text__media\"><img loading=\"lazy\" decoding=\"async\" width=\"1024\" height=\"768\" src=\"https:\/\/www.model-box.ch\/wp-content\/uploads\/2021\/01\/IMG_8301-1024x768.jpg\" alt=\"\" class=\"wp-image-1880 size-full\" srcset=\"https:\/\/www.model-box.ch\/wp-content\/uploads\/2021\/01\/IMG_8301-1024x768.jpg 1024w, https:\/\/www.model-box.ch\/wp-content\/uploads\/2021\/01\/IMG_8301-300x225.jpg 300w, https:\/\/www.model-box.ch\/wp-content\/uploads\/2021\/01\/IMG_8301-768x576.jpg 768w, https:\/\/www.model-box.ch\/wp-content\/uploads\/2021\/01\/IMG_8301-1536x1152.jpg 1536w, https:\/\/www.model-box.ch\/wp-content\/uploads\/2021\/01\/IMG_8301-2048x1536.jpg 2048w\" sizes=\"auto, (max-width: 1024px) 100vw, 1024px\" \/><\/figure><\/div>\n","protected":false},"excerpt":{"rendered":"<p>Liebe Kunden und G\u00e4ste Hereinkommen und Wohlf\u00fchlen &#8211; g\u00f6nnen Sie sich eine kurze Ruhepause bei einem warmen oder kalten Getr\u00e4nk! \u00a0 Das Caf\u00e9 Krone erwartet Sie gerne &#8211; ein Ort zum Wohlf\u00fchlen und Abschalten. &#8222;Coffee-to<\/p>\n","protected":false},"author":1,"featured_media":889,"parent":0,"menu_order":5,"comment_status":"closed","ping_status":"closed","template":"","meta":{"footnotes":""},"class_list":["post-166","page","type-page","status-publish","has-post-thumbnail","hentry"],"_links":{"self":[{"href":"https:\/\/www.model-box.ch\/index.php?rest_route=\/wp\/v2\/pages\/166","targetHints":{"allow":["GET"]}}],"collection":[{"href":"https:\/\/www.model-box.ch\/index.php?rest_route=\/wp\/v2\/pages"}],"about":[{"href":"https:\/\/www.model-box.ch\/index.php?rest_route=\/wp\/v2\/types\/page"}],"author":[{"embeddable":true,"href":"https:\/\/www.model-box.ch\/index.php?rest_route=\/wp\/v2\/users\/1"}],"replies":[{"embeddable":true,"href":"https:\/\/www.model-box.ch\/index.php?rest_route=%2Fwp%2Fv2%2Fcomments&post=166"}],"version-history":[{"count":50,"href":"https:\/\/www.model-box.ch\/index.php?rest_route=\/wp\/v2\/pages\/166\/revisions"}],"predecessor-version":[{"id":2794,"href":"https:\/\/www.model-box.ch\/index.php?rest_route=\/wp\/v2\/pages\/166\/revisions\/2794"}],"wp:featuredmedia":[{"embeddable":true,"href":"https:\/\/www.model-box.ch\/index.php?rest_route=\/wp\/v2\/media\/889"}],"wp:attachment":[{"href":"https:\/\/www.model-box.ch\/index.php?rest_route=%2Fwp%2Fv2%2Fmedia&parent=166"}],"curies":[{"name":"wp","href":"https:\/\/api.w.org\/{rel}","templated":true}]}}