{"id":170,"date":"2017-11-15T19:26:46","date_gmt":"2017-11-15T19:26:46","guid":{"rendered":"https:\/\/www.model-box.ch\/?page_id=170"},"modified":"2025-03-07T23:24:41","modified_gmt":"2025-03-07T23:24:41","slug":"kontakt","status":"publish","type":"page","link":"https:\/\/www.model-box.ch\/?page_id=170","title":{"rendered":"Kontakt"},"content":{"rendered":"<h5 class=\"standard\" style=\"text-align: center;\">Obschon wir nun online via <a href=\"https:\/\/www.ricardo.ch\/de\/shop\/Model_box\/offers\/\" target=\"_blank\" rel=\"noopener\">ricardo.ch<\/a>\u00a0 ausgesuchte Kostbarkeiten verkaufen, konzentriert sich unser Credo immer noch auf der Beratung unserer Kunden\u00a0 direkt am Telefon oder pers\u00f6nlich bei uns im Gesch\u00e4ft. Christoph Zurbr\u00fcgg weiss genau, was er an Lager hat und was bestellbar ist.<\/h5>\n<h5 class=\"standard\" style=\"text-align: center;\">Wenden Sie sich bitte\u00a0direkt an uns. Bei Anfragen via Email werden wir bem\u00fcht sein, diese sobald als m\u00f6glich zu beantworten. Ihre Zufriedenheit ist uns sehr wichtig. Bis bald!<\/h5>\n<p style=\"text-align: center;\"><strong>Postadresse:<\/strong><\/p>\n<p class=\"standard\" style=\"text-align: center;\"><strong>MODEL-BOX Modellautos \/ Caf\u00e9 Krone<\/strong><br \/>Christoph und Margrit Zurbr\u00fcgg-Gerber<\/p>\n<p class=\"standard\" style=\"text-align: center;\">Dorf 309<\/p>\n<p class=\"standard\" style=\"text-align: center;\">CH-3762 Erlenbach im Simmental<\/p>\n<p class=\"standard\" style=\"text-align: center;\">Tel. 0041 (0)33 681 25 75<\/p>\n<p class=\"standard\" style=\"text-align: center;\">Mail.\u00a0<span id=\"cloak79038\"><a href=\"mailto:model-box@bluewin.ch\">model-box(at)bluewin.ch<\/a><\/span><\/p>\n<p class=\"standard\" style=\"text-align: center;\">Routenplaner:<a href=\"https:\/\/www.google.ch\/maps\/place\/Hauptstrasse+309+3762+Erlenbach+im+Simmental@46.6606833,7,5526859,172\/data=!4m2!3m1!1s0x478e536776aa88b7:0xd7d21e7f64a5e12c\" target=\"_blank\" rel=\"noopener noreferrer\">\u00a0hier<\/a><\/p>\n<p style=\"text-align: center;\">Sie finden uns direkt an der <strong>&#8222;Grand Tour of Switzerland&#8220;<\/strong> auf der Strecke zwischen<\/p>\n<p style=\"text-align: center;\"><a href=\"https:\/\/grandtour.myswitzerland.com\/de\/nec\/\">Gstaad &#8211; Spiez &#8211; Interlaken &#8211; Bern<\/a><\/p>\n<p class=\"standard\" style=\"text-align: center;\"><img loading=\"lazy\" decoding=\"async\" class=\"alignnone wp-image-173\" src=\"https:\/\/www.model-box.ch\/wp-content\/uploads\/2017\/11\/karte2-e1510904930263.jpg\" alt=\"\" width=\"597\" height=\"400\" srcset=\"https:\/\/www.model-box.ch\/wp-content\/uploads\/2017\/11\/karte2-e1510904930263.jpg 800w, https:\/\/www.model-box.ch\/wp-content\/uploads\/2017\/11\/karte2-e1510904930263-300x201.jpg 300w, https:\/\/www.model-box.ch\/wp-content\/uploads\/2017\/11\/karte2-e1510904930263-768x515.jpg 768w, https:\/\/www.model-box.ch\/wp-content\/uploads\/2017\/11\/karte2-e1510904930263-420x280.jpg 420w\" sizes=\"auto, (max-width: 597px) 100vw, 597px\" \/><\/p>\n<p class=\"standard\" style=\"text-align: center;\">Gratis Parkpl\u00e4tze neben dem Prima-Lebensmittelgesch\u00e4ft &#8211; auf dem Privatparkplatz des Wohn- und Gesch\u00e4ftshaus KRONE f\u00fcr unsere Kunden und G\u00e4ste !<\/p>\n<p style=\"text-align: center;\">\u00a0<\/p>\n<p class=\"standard\" style=\"text-align: center;\"><em><img loading=\"lazy\" decoding=\"async\" class=\"alignnone wp-image-84 size-medium\" src=\"https:\/\/www.model-box.ch\/wp-content\/uploads\/2017\/11\/p1060493-e1510904963591-300x225.jpg\" alt=\"\" width=\"300\" height=\"225\" \/>\u00a0<img loading=\"lazy\" decoding=\"async\" class=\"alignnone wp-image-85 size-medium\" src=\"https:\/\/www.model-box.ch\/wp-content\/uploads\/2017\/11\/p1060496-e1510904983653-300x225.jpg\" alt=\"\" width=\"300\" height=\"225\" \/><\/em><\/p>\n<p class=\"standard\" style=\"text-align: center;\">Anreise mit \u00f6ffentlichen Verkehrsmitteln\u00a0<em><br \/><\/em><\/p>\n<p class=\"standard\" style=\"text-align: center;\"><a href=\"http:\/\/fahrplan.sbb.ch\/bin\/query.exe\/de\" target=\"_blank\" rel=\"noopener noreferrer\">BLS L\u00f6tschberger Spiez-Zweisimmen\u00a0\u00a0<\/a>\/ Station Erlenbach im Simmental\u00a0 \/ ca. 5 Fussminuten Richtung Dorf\/Kirche<\/p>\n\n\n<p><\/p>\n","protected":false},"excerpt":{"rendered":"<p>Obschon wir nun online via ricardo.ch\u00a0 ausgesuchte Kostbarkeiten verkaufen, konzentriert sich unser Credo immer noch auf der Beratung unserer Kunden\u00a0 direkt am Telefon oder pers\u00f6nlich bei uns im Gesch\u00e4ft. Christoph Zurbr\u00fcgg weiss genau, was er<\/p>\n","protected":false},"author":1,"featured_media":2641,"parent":0,"menu_order":6,"comment_status":"closed","ping_status":"closed","template":"template-centered.php","meta":{"footnotes":""},"class_list":["post-170","page","type-page","status-publish","has-post-thumbnail","hentry"],"_links":{"self":[{"href":"https:\/\/www.model-box.ch\/index.php?rest_route=\/wp\/v2\/pages\/170","targetHints":{"allow":["GET"]}}],"collection":[{"href":"https:\/\/www.model-box.ch\/index.php?rest_route=\/wp\/v2\/pages"}],"about":[{"href":"https:\/\/www.model-box.ch\/index.php?rest_route=\/wp\/v2\/types\/page"}],"author":[{"embeddable":true,"href":"https:\/\/www.model-box.ch\/index.php?rest_route=\/wp\/v2\/users\/1"}],"replies":[{"embeddable":true,"href":"https:\/\/www.model-box.ch\/index.php?rest_route=%2Fwp%2Fv2%2Fcomments&post=170"}],"version-history":[{"count":21,"href":"https:\/\/www.model-box.ch\/index.php?rest_route=\/wp\/v2\/pages\/170\/revisions"}],"predecessor-version":[{"id":2320,"href":"https:\/\/www.model-box.ch\/index.php?rest_route=\/wp\/v2\/pages\/170\/revisions\/2320"}],"wp:featuredmedia":[{"embeddable":true,"href":"https:\/\/www.model-box.ch\/index.php?rest_route=\/wp\/v2\/media\/2641"}],"wp:attachment":[{"href":"https:\/\/www.model-box.ch\/index.php?rest_route=%2Fwp%2Fv2%2Fmedia&parent=170"}],"curies":[{"name":"wp","href":"https:\/\/api.w.org\/{rel}","templated":true}]}}