{"id":1991,"date":"2021-04-18T17:44:39","date_gmt":"2021-04-18T17:44:39","guid":{"rendered":"https:\/\/www.model-box.ch\/?page_id=1991"},"modified":"2024-03-26T18:39:40","modified_gmt":"2024-03-26T18:39:40","slug":"ueber-uns","status":"publish","type":"page","link":"https:\/\/www.model-box.ch\/?page_id=1991","title":{"rendered":"\u00fcber uns"},"content":{"rendered":"\n<div class=\"wp-block-media-text alignwide is-stacked-on-mobile is-vertically-aligned-top\" style=\"grid-template-columns:37% auto\"><figure class=\"wp-block-media-text__media\"><img loading=\"lazy\" decoding=\"async\" width=\"683\" height=\"1024\" src=\"https:\/\/www.model-box.ch\/wp-content\/uploads\/2021\/04\/IMG_1665-2-683x1024.jpg\" alt=\"\" class=\"wp-image-1962 size-full\" srcset=\"https:\/\/www.model-box.ch\/wp-content\/uploads\/2021\/04\/IMG_1665-2-683x1024.jpg 683w, https:\/\/www.model-box.ch\/wp-content\/uploads\/2021\/04\/IMG_1665-2-200x300.jpg 200w, https:\/\/www.model-box.ch\/wp-content\/uploads\/2021\/04\/IMG_1665-2-768x1152.jpg 768w, https:\/\/www.model-box.ch\/wp-content\/uploads\/2021\/04\/IMG_1665-2-1024x1536.jpg 1024w, https:\/\/www.model-box.ch\/wp-content\/uploads\/2021\/04\/IMG_1665-2-1365x2048.jpg 1365w, https:\/\/www.model-box.ch\/wp-content\/uploads\/2021\/04\/IMG_1665-2-scaled.jpg 1707w\" sizes=\"auto, (max-width: 683px) 100vw, 683px\" \/><\/figure><div class=\"wp-block-media-text__content\">\n<p class=\"has-text-align-left has-normal-font-size\">Christoph Zurbr\u00fcgg &#8211; Inhaber und Gesch\u00e4ftsf\u00fchrer von  MODEL-BOX Modellautos \/ Caf\u00e9 Krone<\/p>\n\n\n\n<p>Christoph Zurbr\u00fcgg ist seit Kindheit ein begeisterter Auto-Fan und Modellauto-Sammler der Marke Mercedes-Benz. Er ist gelernter Koch, Eidg. diplomierter HF F&amp;B der Hotelfachschule Thun, danach wurde Christoph Gesch\u00e4ftsf\u00fchrer der Franz Carl Weber AG-Filialen Bern und Thun. Seit 1996 ist er Chef seiner eigenen Firma MODEL-BOX\/Caf\u00e9 Krone in Erlenbach i.S. und verheiratet mit Margrit Zurbr\u00fcgg, welche er  in  der Franz Carl Weber AG-Filiale Bern kennengelernt hat. <\/p>\n\n\n\n<p>Er eignete sich seit vielen Jahren ein unermessliches Wissen \u00fcber Autos und speziell Modellautos aller Marken an. Seine Leidenschaft daf\u00fcr w\u00e4hrt ein Leben lang.<\/p>\n<\/div><\/div>\n\n\n\n<div class=\"wp-block-media-text alignwide has-media-on-the-right is-stacked-on-mobile is-vertically-aligned-top\" style=\"grid-template-columns:auto 37%\"><div class=\"wp-block-media-text__content\">\n<p class=\"has-normal-font-size\">Margrit Zurbr\u00fcgg &#8211; stellvertretende Gesch\u00e4ftsf\u00fchrerin von MODEL-BOX Modellautos \/ Caf\u00e9 Krone<\/p>\n\n\n\n<p>Als ausgebildete Kauffrau arbeitete sie im B\u00fcro der Franz Carl Weber-Filiale in Bern. Hier lernte sie  ihren heutigen Ehemann Christoph  Zurbr\u00fcgg kennen. <\/p>\n\n\n\n<p>Seit 1996 ist sie zust\u00e4ndig f\u00fcr die Administration, die Dekoration und Arbeit im Caf\u00e9 Krone sowie f\u00fcr die Verwaltung des Wohn- und Gesch\u00e4ftshaus KRONE, Erlenbach i.S. und managt gleichzeitig die Familie. Margrit Zurbr\u00fcgg heisst die Kunden und G\u00e4ste im Gesch\u00e4ft herzlich willkommen !<\/p>\n<\/div><figure class=\"wp-block-media-text__media\"><img loading=\"lazy\" decoding=\"async\" width=\"683\" height=\"1024\" src=\"https:\/\/www.model-box.ch\/wp-content\/uploads\/2021\/04\/IMG_1654-2-683x1024.jpg\" alt=\"\" class=\"wp-image-1963 size-full\" srcset=\"https:\/\/www.model-box.ch\/wp-content\/uploads\/2021\/04\/IMG_1654-2-683x1024.jpg 683w, https:\/\/www.model-box.ch\/wp-content\/uploads\/2021\/04\/IMG_1654-2-200x300.jpg 200w, https:\/\/www.model-box.ch\/wp-content\/uploads\/2021\/04\/IMG_1654-2-768x1152.jpg 768w, https:\/\/www.model-box.ch\/wp-content\/uploads\/2021\/04\/IMG_1654-2-1024x1536.jpg 1024w, https:\/\/www.model-box.ch\/wp-content\/uploads\/2021\/04\/IMG_1654-2-1365x2048.jpg 1365w, https:\/\/www.model-box.ch\/wp-content\/uploads\/2021\/04\/IMG_1654-2-scaled.jpg 1707w\" sizes=\"auto, (max-width: 683px) 100vw, 683px\" \/><\/figure><\/div>\n\n\n\n<div class=\"wp-block-media-text alignwide is-stacked-on-mobile is-vertically-aligned-top\" style=\"grid-template-columns:66% auto\"><figure class=\"wp-block-media-text__media\"><img loading=\"lazy\" decoding=\"async\" width=\"1024\" height=\"683\" src=\"https:\/\/www.model-box.ch\/wp-content\/uploads\/2021\/04\/Website-1024x683.jpg\" alt=\"\" class=\"wp-image-1992 size-full\" srcset=\"https:\/\/www.model-box.ch\/wp-content\/uploads\/2021\/04\/Website-1024x683.jpg 1024w, https:\/\/www.model-box.ch\/wp-content\/uploads\/2021\/04\/Website-300x200.jpg 300w, https:\/\/www.model-box.ch\/wp-content\/uploads\/2021\/04\/Website-768x512.jpg 768w, https:\/\/www.model-box.ch\/wp-content\/uploads\/2021\/04\/Website-1536x1024.jpg 1536w, https:\/\/www.model-box.ch\/wp-content\/uploads\/2021\/04\/Website-2048x1365.jpg 2048w, https:\/\/www.model-box.ch\/wp-content\/uploads\/2021\/04\/Website-420x280.jpg 420w\" sizes=\"auto, (max-width: 1024px) 100vw, 1024px\" \/><\/figure><div class=\"wp-block-media-text__content\">\n<p class=\"has-small-font-size\">Matthias und Lisa Zurbr\u00fcgg halfen schon von klein auf fleissig und tatkr\u00e4ftig bei Events und Veranstaltungen im Gesch\u00e4ft der Eltern mit.<\/p>\n\n\n\n<p class=\"has-small-font-size\">Beide haben die Freude und Begeisterung an Autos \u00fcbernommen und k\u00fcmmern sich mittlerweile  um die Werbung und Vermarktung auf Social Media. <\/p>\n\n\n\n<p class=\"has-small-font-size\"><\/p>\n<\/div><\/div>\n\n\n\n<div class=\"wp-block-media-text alignwide has-media-on-the-right is-stacked-on-mobile\" style=\"grid-template-columns:auto 54%\"><div class=\"wp-block-media-text__content\">\n<p class=\"has-normal-font-size\">Grossmama Christine Zurbr\u00fcgg-Hofer hat sich mittlerweile zur\u00fcck gezogen und ist nur noch ab und zu im Caf\u00e9 Krone anzutreffen. <\/p>\n<\/div><figure class=\"wp-block-media-text__media\"><img loading=\"lazy\" decoding=\"async\" width=\"867\" height=\"650\" src=\"https:\/\/www.model-box.ch\/wp-content\/uploads\/2017\/11\/P1150229-e1510904353238.png\" alt=\"\" class=\"wp-image-126 size-full\" srcset=\"https:\/\/www.model-box.ch\/wp-content\/uploads\/2017\/11\/P1150229-e1510904353238.png 867w, https:\/\/www.model-box.ch\/wp-content\/uploads\/2017\/11\/P1150229-e1510904353238-300x225.png 300w, https:\/\/www.model-box.ch\/wp-content\/uploads\/2017\/11\/P1150229-e1510904353238-768x576.png 768w\" sizes=\"auto, (max-width: 867px) 100vw, 867px\" \/><\/figure><\/div>\n\n\n\n<p class=\"has-text-align-center\" style=\"font-size:31px\">Folgen Sie uns auf <a rel=\"noreferrer noopener\" href=\"https:\/\/www.facebook.com\/pg\/Model-Box-Modellautos-101159545088874\/posts\/\" data-type=\"URL\" data-id=\"https:\/\/www.facebook.com\/pg\/Model-Box-Modellautos-101159545088874\/posts\/\" target=\"_blank\">Facebook<\/a> und <a href=\"https:\/\/www.instagram.com\/model_box_modellautos\" data-type=\"URL\" data-id=\"https:\/\/www.instagram.com\/model_box_modellautos\" target=\"_blank\" rel=\"noreferrer noopener\">Instagram<\/a> !<\/p>\n","protected":false},"excerpt":{"rendered":"<p>Christoph Zurbr\u00fcgg &#8211; Inhaber und Gesch\u00e4ftsf\u00fchrer von MODEL-BOX Modellautos \/ Caf\u00e9 Krone Christoph Zurbr\u00fcgg ist seit Kindheit ein begeisterter Auto-Fan und Modellauto-Sammler der Marke Mercedes-Benz. Er ist gelernter Koch, Eidg. diplomierter HF F&amp;B der Hotelfachschule<\/p>\n","protected":false},"author":1,"featured_media":1992,"parent":0,"menu_order":8,"comment_status":"closed","ping_status":"closed","template":"","meta":{"footnotes":""},"class_list":["post-1991","page","type-page","status-publish","has-post-thumbnail","hentry"],"_links":{"self":[{"href":"https:\/\/www.model-box.ch\/index.php?rest_route=\/wp\/v2\/pages\/1991","targetHints":{"allow":["GET"]}}],"collection":[{"href":"https:\/\/www.model-box.ch\/index.php?rest_route=\/wp\/v2\/pages"}],"about":[{"href":"https:\/\/www.model-box.ch\/index.php?rest_route=\/wp\/v2\/types\/page"}],"author":[{"embeddable":true,"href":"https:\/\/www.model-box.ch\/index.php?rest_route=\/wp\/v2\/users\/1"}],"replies":[{"embeddable":true,"href":"https:\/\/www.model-box.ch\/index.php?rest_route=%2Fwp%2Fv2%2Fcomments&post=1991"}],"version-history":[{"count":25,"href":"https:\/\/www.model-box.ch\/index.php?rest_route=\/wp\/v2\/pages\/1991\/revisions"}],"predecessor-version":[{"id":2606,"href":"https:\/\/www.model-box.ch\/index.php?rest_route=\/wp\/v2\/pages\/1991\/revisions\/2606"}],"wp:featuredmedia":[{"embeddable":true,"href":"https:\/\/www.model-box.ch\/index.php?rest_route=\/wp\/v2\/media\/1992"}],"wp:attachment":[{"href":"https:\/\/www.model-box.ch\/index.php?rest_route=%2Fwp%2Fv2%2Fmedia&parent=1991"}],"curies":[{"name":"wp","href":"https:\/\/api.w.org\/{rel}","templated":true}]}}