{"id":265,"date":"2017-11-18T13:06:27","date_gmt":"2017-11-18T13:06:27","guid":{"rendered":"https:\/\/www.model-box.ch\/?page_id=265"},"modified":"2020-07-02T11:35:47","modified_gmt":"2020-07-02T11:35:47","slug":"impressum","status":"publish","type":"page","link":"https:\/\/www.model-box.ch\/?page_id=265","title":{"rendered":"Impressum"},"content":{"rendered":"<h2>Kontaktadresse<\/h2>\n<p>MODEL-BOX Modellautos\/Caf\u00e9 Krone<br \/>\nChristoph\u00a0Zurbr\u00fcgg-Gerber<br \/>\nHauptstrasse 309<br \/>\n3762 Erlenbach im Simmental<br \/>\nSchweiz<br \/>\nmodel-box@bluewin.ch<\/p>\n<h2>Handelsregistereintrag<\/h2>\n<p>Eingetragener Firmenname: MODEL-BOX\/Caf\u00e9 Krone<br \/>\nNummer: CH-092.1.007.817-8<br \/>\nHandelsregisteramt: Erlenbach im Simmental<\/p>\n<h2>Mehrwertsteuernummer<\/h2>\n<p>CHE-106.830.377 MWSt<\/p>\n<h2>Haftungsausschluss<\/h2>\n<p>Der Autor \u00fcbernimmt keinerlei Gew\u00e4hr hinsichtlich der inhaltlichen Richtigkeit, Genauigkeit, Aktualit\u00e4t, Zuverl\u00e4ssigkeit und Vollst\u00e4ndigkeit der Informationen.<br \/>\nHaftungsanspr\u00fcche gegen den Autor wegen Sch\u00e4den materieller oder immaterieller Art, welche aus dem Zugriff oder der Nutzung bzw. Nichtnutzung der ver\u00f6ffentlichten Informationen, durch Missbrauch der Verbindung oder durch technische St\u00f6rungen entstanden sind, werden ausgeschlossen.<br \/>\nAlle Angebote sind unverbindlich. Der Autor beh\u00e4lt es sich ausdr\u00fccklich vor, Teile der Seiten oder das gesamte Angebot ohne gesonderte Ank\u00fcndigung zu ver\u00e4ndern, zu erg\u00e4nzen, zu l\u00f6schen oder die Ver\u00f6ffentlichung zeitweise oder endg\u00fcltig einzustellen.<\/p>\n<h2>Haftung f\u00fcr Links<\/h2>\n<p>Verweise und Links auf Webseiten Dritter liegen ausserhalb unseres Verantwortungsbereichs Es wird jegliche Verantwortung f\u00fcr solche Webseiten abgelehnt. Der Zugriff und die Nutzung solcher Webseiten erfolgen auf eigene Gefahr des Nutzers oder der Nutzerin.<\/p>\n<h2>Urheberrechte<\/h2>\n<p>Die Urheber- und alle anderen Rechte an Inhalten, Bildern, Fotos oder anderen Dateien auf der Website geh\u00f6ren ausschliesslich der Firma MODEL-BOX Modellautos\/Caf\u00e9 Krone oder den speziell genannten Rechtsinhabern. F\u00fcr die Reproduktion jeglicher Elemente ist die schriftliche Zustimmung der Urheberrechtstr\u00e4ger im Voraus einzuholen.<\/p>\n<h2>Quelle<\/h2>\n<p>Dieses Impressum wurde am 22.11.2017 mit dem Impressum-Generator http:\/\/www.bag.ch\/impressum-generator der Firma Brunner Medien AG in Kriens erstellt. Die Brunner Medien AG in Kriens \u00fcbernimmt keine Haftung.<\/p>\n<h2>Zugriffs- und Anwendungsbedingungen f\u00fcr diese Website<\/h2>\n<p>Mit dem Zugriff auf diese Website und ihre Links erkl\u00e4ren Sie, dass Sie die nachfolgenden\u00a0Anwendungsbedingungen und rechtlichen Informationen im Zusammenhang mit dieser Website\u00a0(und den darin enthaltenen Elementen) verstanden haben und diese anerkennen. Sollten Sie mit\u00a0diesen Bedingungen nicht einverstanden sein, unterlassen Sie den Zugriff auf diese Website.<\/p>\n<h2>Zweck dieser Website \/ Keine Gew\u00e4hrleistung<\/h2>\n<p>Der Zweck dieser Website ist die Informationsvermittlung \u00fcber unsere Gesellschaft und\u00a0Dienstleistungen. Durch das Aufrufen dieser Website durch den Benutzer geht MODEL-BOX Modellautos \/ Caf\u00e9 Krone mit\u00a0dem Benutzer keinerlei vertragliche Beziehung ein. Die publizierten Tools begr\u00fcnden weder eine\u00a0Aufforderung zur Offertenstellung noch ein Angebot. MODEL-BOX Modellautos \/ Caf\u00e9 Krone \u00a0bem\u00fcht sich, die Inhalte auf\u00a0dieser Website aktuell, vollst\u00e4ndig und richtig zu halten. Da diese Informationen jedoch raschen\u00a0\u00c4nderungen unterliegen k\u00f6nnen, kann die Aktualit\u00e4t, Richtigkeit und Vollst\u00e4ndigkeit nicht\u00a0vollst\u00e4ndig gew\u00e4hrleistet werden.\u00a0Die Angaben auf dieser Website stellen keine verbindlichen Entscheidungshilfen und Antworten auf\u00a0Beratungsfragen dar, noch sollten aufgrund dieser Angaben arbeitsrechtliche oder andere\u00a0Entscheide gef\u00e4llt werden. Jegliches Handeln, welches aufgrund der Angaben auf dieser Website\u00a0getroffen wird, erfolgt auf das alleinige Risiko des Benutzers.<\/p>\n<h2>Funktionen dieser Website<\/h2>\n<p>MODEL-BOX Modellautos \/ Caf\u00e9 Krone \u00fcbernimmt keine Verantwortung und gibt keine Garantie daf\u00fcr ab, dass die\u00a0Funktionen auf ihrer Website dauernd und ununterbrochen zur Verf\u00fcgung stehen, fehlerfrei sind\u00a0oder Fehler behoben werden oder dass die Website oder die jeweiligen Server frei von Viren oder\u00a0sonstigen sch\u00e4dlichen Bestandteilen sind.<\/p>\n<h2>Keine Sicherheit der Daten\u00fcbertragung<\/h2>\n<p>Die E-Mail-Kommunikation findet \u00fcber ein offenes, jedermann zug\u00e4ngliches und grenz\u00fcberschreitendes\u00a0Netz statt. Sie ist unverschl\u00fcsselt. Es kann somit nicht ausgeschlossen werden,\u00a0dass so gesendete Daten durch Dritte eingesehen und damit auch die Kontaktaufnahme zu MODEL-BOX Modellautos \/ Caf\u00e9 Krone nachvollzogen werden kann.<\/p>\n<h2>Copyright und andere Schutzrechte<\/h2>\n<p>Der gesamte Inhalt der Website von MODEL-BOX Modellautos \/ Caf\u00e9 Krone ist urheberrechtlich gesch\u00fctzt. Alle Rechte\u00a0sind vorbehalten. (Das Logo von MODEL-BOX Modellautos \/ Caf\u00e9 Krone ist ein eingetragenes Markenzeichen). Durch den\u00a0Zugriff auf die Website von MODEL-BOX Modellautos \/ Caf\u00e9 Krone das Herunterladen oder Kopieren von Daten dieser\u00a0Website oder Teilen davon, werden dem Benutzer keinerlei Rechte am Inhalt, an der Software,\u00a0einer eingetragenen Marke oder an sonst einem Element der Website einger\u00e4umt. Jegliche\u00a0Modifikation, Reproduktion oder Benutzung der Website, des Logos von MODEL-BOX Modellautos \/ Caf\u00e9 Krone oder Teile\u00a0davon f\u00fcr einen \u00f6ffentlichen oder kommerziellen Zweck ist ohne vorherige schriftliche Zustimmung\u00a0von MODEL-BOX Modellautos \/ Caf\u00e9 Krone strikt untersagt.<\/p>\n","protected":false},"excerpt":{"rendered":"<p>Kontaktadresse MODEL-BOX Modellautos\/Caf\u00e9 Krone Christoph\u00a0Zurbr\u00fcgg-Gerber Hauptstrasse 309 3762 Erlenbach im Simmental Schweiz model-box@bluewin.ch Handelsregistereintrag Eingetragener Firmenname: MODEL-BOX\/Caf\u00e9 Krone Nummer: CH-092.1.007.817-8 Handelsregisteramt: Erlenbach im Simmental Mehrwertsteuernummer CHE-106.830.377 MWSt Haftungsausschluss Der Autor \u00fcbernimmt keinerlei Gew\u00e4hr hinsichtlich der<\/p>\n","protected":false},"author":1,"featured_media":0,"parent":170,"menu_order":1,"comment_status":"closed","ping_status":"closed","template":"template-centered.php","meta":{"footnotes":""},"class_list":["post-265","page","type-page","status-publish","hentry"],"_links":{"self":[{"href":"https:\/\/www.model-box.ch\/index.php?rest_route=\/wp\/v2\/pages\/265","targetHints":{"allow":["GET"]}}],"collection":[{"href":"https:\/\/www.model-box.ch\/index.php?rest_route=\/wp\/v2\/pages"}],"about":[{"href":"https:\/\/www.model-box.ch\/index.php?rest_route=\/wp\/v2\/types\/page"}],"author":[{"embeddable":true,"href":"https:\/\/www.model-box.ch\/index.php?rest_route=\/wp\/v2\/users\/1"}],"replies":[{"embeddable":true,"href":"https:\/\/www.model-box.ch\/index.php?rest_route=%2Fwp%2Fv2%2Fcomments&post=265"}],"version-history":[{"count":12,"href":"https:\/\/www.model-box.ch\/index.php?rest_route=\/wp\/v2\/pages\/265\/revisions"}],"predecessor-version":[{"id":1772,"href":"https:\/\/www.model-box.ch\/index.php?rest_route=\/wp\/v2\/pages\/265\/revisions\/1772"}],"up":[{"embeddable":true,"href":"https:\/\/www.model-box.ch\/index.php?rest_route=\/wp\/v2\/pages\/170"}],"wp:attachment":[{"href":"https:\/\/www.model-box.ch\/index.php?rest_route=%2Fwp%2Fv2%2Fmedia&parent=265"}],"curies":[{"name":"wp","href":"https:\/\/api.w.org\/{rel}","templated":true}]}}